{"id":540,"date":"2023-07-26T11:33:07","date_gmt":"2023-07-26T11:33:07","guid":{"rendered":"https:\/\/empfehlenswert.christian-huebschen.de\/?page_id=540"},"modified":"2023-07-27T09:32:40","modified_gmt":"2023-07-27T09:32:40","slug":"layout-seite","status":"publish","type":"page","link":"https:\/\/empfehlenswert.christian-huebschen.de\/index.php\/layout-seite\/","title":{"rendered":""},"content":{"rendered":"\n<div class=\"wp-block-cover alignfull is-light\" style=\"min-height:700px;aspect-ratio:unset;\"><span aria-hidden=\"true\" class=\"wp-block-cover__background has-background-dim-0 has-background-dim\"><\/span><div class=\"wp-block-cover__inner-container is-layout-flow wp-block-cover-is-layout-flow\">\n<h1 class=\"wp-block-heading has-text-align-left has-color-header-text-mod-color has-text-color\" style=\"text-transform:capitalize\">Christian H\u00fcbschen<\/h1>\n\n\n\n<p class=\"has-text-align-left is-style-default has-color-header-headings-mod-color has-text-color\"><a class=\"maxbutton-1 maxbutton maxbutton-kennenlerngesprach-vereinbaren\" target=\"_blank\" rel=\"noopener\" href=\"https:\/\/outlook.office365.com\/owa\/calendar\/ChristianHbschenEmpfehlenswert@dvag02.onmicrosoft.com\/bookings\/\"><span class='mb-text'>Kennenlerngespr\u00e4ch vereinbaren<\/span><\/a>&nbsp;<\/p>\n\n\n\n<div class=\"wp-block-buttons is-horizontal is-content-justification-left is-layout-flex wp-container-core-buttons-is-layout-7e5fce0a wp-block-buttons-is-layout-flex\"><\/div>\n<\/div><\/div>\n\n\n\n<h3 class=\"wp-block-heading has-text-align-center\">Christian H\u00fcbschen &#8211; Verm\u00f6gensberatung, Finanz- &amp; Karrierecoach<br>immer eine Empfehlung wert<\/h3>\n\n\n\n<p class=\"has-text-align-center\"><img loading=\"lazy\" decoding=\"async\" width=\"800\" height=\"450\" class=\"wp-image-463\" style=\"width: 800px;\" src=\"https:\/\/empfehlenswert.christian-huebschen.de\/wp-content\/uploads\/2023\/07\/Video-Platzhalter.jpg\" alt=\"\" srcset=\"https:\/\/empfehlenswert.christian-huebschen.de\/wp-content\/uploads\/2023\/07\/Video-Platzhalter.jpg 1920w, https:\/\/empfehlenswert.christian-huebschen.de\/wp-content\/uploads\/2023\/07\/Video-Platzhalter-300x169.jpg 300w, https:\/\/empfehlenswert.christian-huebschen.de\/wp-content\/uploads\/2023\/07\/Video-Platzhalter-1024x576.jpg 1024w, https:\/\/empfehlenswert.christian-huebschen.de\/wp-content\/uploads\/2023\/07\/Video-Platzhalter-768x432.jpg 768w, https:\/\/empfehlenswert.christian-huebschen.de\/wp-content\/uploads\/2023\/07\/Video-Platzhalter-1536x864.jpg 1536w, https:\/\/empfehlenswert.christian-huebschen.de\/wp-content\/uploads\/2023\/07\/Video-Platzhalter-600x338.jpg 600w\" sizes=\"auto, (max-width: 706px) 89vw, (max-width: 767px) 82vw, 740px\" \/><\/p>\n\n\n\n<p class=\"has-text-align-center\"><a class=\"maxbutton-1 maxbutton maxbutton-kennenlerngesprach-vereinbaren\" target=\"_blank\" rel=\"noopener\" href=\"https:\/\/outlook.office365.com\/owa\/calendar\/ChristianHbschenEmpfehlenswert@dvag02.onmicrosoft.com\/bookings\/\"><span class='mb-text'>Kennenlerngespr\u00e4ch vereinbaren<\/span><\/a>&nbsp;<\/p>\n\n\n\n<p><\/p>\n\n\n\n<p class=\"has-text-align-center\">Herzlichen Gl\u00fcckwunsch!<\/p>\n\n\n\n<p class=\"has-text-align-center\">Sie sind der Empfehlung Ihrer Freundin, Ihres Freundes gefolgt, die\/der bereits viele Vorteile mit mir realisieren konnte.<br>Mein Name ist Christian H\u00fcbschen und ich bin der Nummer 1 Finanzberater im Taunus f\u00fcr alle die eine Strategie brauchen um finanziell rundum sorglos zu werden.<\/p>\n\n\n\n<p class=\"has-text-align-center\">M\u00f6chten auch sie finanziell rundum sorglos werden, dann buchen Sie gleich hier unten einen kostenlosen Online-Kennenlerntermin. <br>Ich bin nur ein Klick von Ihnen entfernt und freue mich auf unser Gespr\u00e4ch.<\/p>\n\n\n\n<p class=\"has-text-align-center\"><a class=\"maxbutton-1 maxbutton maxbutton-kennenlerngesprach-vereinbaren\" target=\"_blank\" rel=\"noopener\" href=\"https:\/\/outlook.office365.com\/owa\/calendar\/ChristianHbschenEmpfehlenswert@dvag02.onmicrosoft.com\/bookings\/\"><span class='mb-text'>Kennenlerngespr\u00e4ch vereinbaren<\/span><\/a>&nbsp;<\/p>\n\n\n\n<p><\/p>\n\n\n\n<hr class=\"wp-block-separator has-alpha-channel-opacity\"\/>\n\n\n\n<p><\/p>\n\n\n\n<blockquote class=\"wp-block-quote is-layout-flow wp-block-quote-is-layout-flow\">\n<p>WISSENSWERTES<\/p>\n<\/blockquote>\n\n\n\n<div style=\"height:80px\" aria-hidden=\"true\" class=\"wp-block-spacer\"><\/div>\n\n\n\n<div class=\"wp-block-columns is-layout-flex wp-container-core-columns-is-layout-9d6595d7 wp-block-columns-is-layout-flex\">\n<div class=\"wp-block-column is-layout-flow wp-block-column-is-layout-flow\"><div class=\"wp-block-image icon-style is-style-rounded\">\n<figure class=\"aligncenter size-full\"><a href=\"http:\/\/visitenkarte.christian-huebschen.de\/\" target=\"_blank\" rel=\"noreferrer noopener\"><img loading=\"lazy\" decoding=\"async\" width=\"72\" height=\"72\" src=\"https:\/\/empfehlenswert.christian-huebschen.de\/wp-content\/uploads\/2023\/07\/neve-webdesign-GB-03.png\" alt=\"\" class=\"wp-image-514\" title=\"\"\/><\/a><\/figure>\n<\/div>\n\n\n<div style=\"height:20px\" aria-hidden=\"true\" class=\"wp-block-spacer\"><\/div>\n\n\n\n<h3 class=\"wp-block-heading has-text-align-center has-neve-text-color-color has-text-color\"><a href=\"http:\/\/visitenkarte.christian-huebschen.de\/\" target=\"_blank\" rel=\"noreferrer noopener\">Meine Visitenkarte<\/a><\/h3>\n\n\n\n<p class=\"has-text-align-center\"><\/p>\n\n\n\n<div style=\"height:20px\" aria-hidden=\"true\" class=\"wp-block-spacer\"><\/div>\n<\/div>\n\n\n\n<div class=\"wp-block-column is-layout-flow wp-block-column-is-layout-flow\"><div class=\"wp-block-image icon-style is-style-rounded\">\n<figure class=\"aligncenter size-full\"><img loading=\"lazy\" decoding=\"async\" width=\"72\" height=\"72\" src=\"https:\/\/empfehlenswert.christian-huebschen.de\/wp-content\/uploads\/2023\/07\/neve-webdesign-GB-04.png\" alt=\"\" class=\"wp-image-512\"\/><\/figure>\n<\/div>\n\n\n<div style=\"height:20px\" aria-hidden=\"true\" class=\"wp-block-spacer\"><\/div>\n\n\n\n<h3 class=\"wp-block-heading has-text-align-center has-neve-text-color-color has-text-color\">Andr\u00e9 Kostolany- sagte<\/h3>\n\n\n\n<p>Manchmal ist es besser, eine Stunde \u00fcber sein Geld nachzudenken, als eine Woche daf\u00fcr zu arbeiten.<\/p>\n\n\n\n<div style=\"height:20px\" aria-hidden=\"true\" class=\"wp-block-spacer\"><\/div>\n<\/div>\n\n\n\n<div class=\"wp-block-column is-layout-flow wp-block-column-is-layout-flow\"><div class=\"wp-block-image icon-style is-style-rounded\">\n<figure class=\"aligncenter size-full\"><a href=\"https:\/\/empfehlungen.quiz.christian-huebschen.de\" target=\"_blank\" rel=\"noreferrer noopener\"><img loading=\"lazy\" decoding=\"async\" width=\"72\" height=\"72\" src=\"https:\/\/empfehlenswert.christian-huebschen.de\/wp-content\/uploads\/2023\/07\/neve-webdesign-GB-03.png\" alt=\"\" class=\"wp-image-514\"\/><\/a><\/figure>\n<\/div>\n\n\n<div style=\"height:20px\" aria-hidden=\"true\" class=\"wp-block-spacer\"><\/div>\n\n\n\n<h3 class=\"wp-block-heading has-text-align-center has-neve-text-color-color has-text-color\"><a href=\"http:\/\/empfehlungen.quiz.christian-huebschen.de\" target=\"_blank\" rel=\"noreferrer noopener\">Ein Quiz<\/a><\/h3>\n\n\n\n<p class=\"has-text-align-center\"><\/p>\n\n\n\n<div style=\"height:20px\" aria-hidden=\"true\" class=\"wp-block-spacer\"><\/div>\n<\/div>\n<\/div>\n\n\n\n<p><\/p>\n\n\n\n<p>[feed_them_social cpt_id=470]<\/p>\n\n\n\n<div class=\"wp-block-group alignfull has-background\" style=\"background-color:#00000008;padding-top:var(--wp--preset--spacing--50);padding-right:var(--wp--preset--spacing--40);padding-bottom:var(--wp--preset--spacing--50);padding-left:var(--wp--preset--spacing--40)\"><div class=\"wp-block-group__inner-container is-layout-constrained wp-container-core-group-is-layout-141b4844 wp-block-group-is-layout-constrained\">\n<div class=\"wp-block-group alignwide is-content-justification-space-between is-layout-flex wp-container-core-group-is-layout-0d19cf55 wp-block-group-is-layout-flex\">\n<figure class=\"wp-block-image is-resized\"><img loading=\"lazy\" decoding=\"async\" src=\"https:\/\/empfehlenswert.christian-huebschen.de\/wp-content\/uploads\/2021\/06\/location-sm.png\" alt=\"\" class=\"wp-image-305\" width=\"70\" height=\"93\"\/><\/figure>\n\n\n\n<div class=\"wp-block-group wp-container-content-9cfa9a5a is-content-justification-left\"><div class=\"wp-block-group__inner-container is-layout-constrained wp-container-core-group-is-layout-8c890d92 wp-block-group-is-layout-constrained\">\n<p class=\"has-text-align-left\" style=\"font-size:0.9rem;font-style:normal;font-weight:600;letter-spacing:1px;text-transform:uppercase\">Christian H\u00fcbschen<\/p>\n\n\n\n<p>Eichelweg 13a<br>61276 Weilrod<\/p>\n<\/div><\/div>\n\n\n\n<figure class=\"wp-block-image size-full is-resized\"><img loading=\"lazy\" decoding=\"async\" src=\"https:\/\/empfehlenswert.christian-huebschen.de\/wp-content\/uploads\/2021\/06\/phone-sm.png\" alt=\"\" class=\"wp-image-304\" width=\"69\" height=\"69\"\/><\/figure>\n\n\n\n<div class=\"wp-block-group is-content-justification-right is-nowrap is-layout-flex wp-container-core-group-is-layout-b4654d8f wp-block-group-is-layout-flex\">\n<div class=\"wp-block-group is-vertical is-layout-flex wp-container-core-group-is-layout-8cf370e7 wp-block-group-is-layout-flex\">\n<p>Telefon:&nbsp;<a href=\"tel:+496083312435\" target=\"_blank\" rel=\"noopener\" title=\"\">06083 312435<\/a><\/p>\n\n\n\n<p>E-Mail:&nbsp;<a href=\"mailto:christian.huebschen@dvag.de\" target=\"_blank\" rel=\"noopener\" title=\"\">christian.huebschen@dvag.de<\/a><\/p>\n\n\n\n<p><\/p>\n<\/div>\n<\/div>\n<\/div>\n<\/div><\/div>\n","protected":false},"excerpt":{"rendered":"<p>Christian H\u00fcbschen &#8211; Verm\u00f6gensberatung, Finanz- &amp; Karrierecoachimmer eine Empfehlung wert &nbsp; Herzlichen Gl\u00fcckwunsch! Sie sind der Empfehlung Ihrer Freundin, Ihres Freundes gefolgt, die\/der bereits viele Vorteile mit mir realisieren konnte.Mein Name ist Christian H\u00fcbschen und ich bin der Nummer 1 Finanzberater im Taunus f\u00fcr alle die eine Strategie brauchen um finanziell rundum sorglos zu werden. &hellip; <\/p>\n<p class=\"link-more\"><a href=\"https:\/\/empfehlenswert.christian-huebschen.de\/index.php\/layout-seite\/\" class=\"more-link\"><span class=\"screen-reader-text\">\u201e\u201c <\/span>weiterlesen<\/a><\/p>\n","protected":false},"author":1,"featured_media":0,"parent":0,"menu_order":0,"comment_status":"closed","ping_status":"closed","template":"","meta":{"_acf_changed":false,"_monsterinsights_skip_tracking":false,"_monsterinsights_sitenote_active":false,"_monsterinsights_sitenote_note":"","_monsterinsights_sitenote_category":0,"footnotes":""},"class_list":["post-540","page","type-page","status-publish","hentry"],"acf":[],"aioseo_notices":[],"jetpack_sharing_enabled":true,"_links":{"self":[{"href":"https:\/\/empfehlenswert.christian-huebschen.de\/index.php\/wp-json\/wp\/v2\/pages\/540","targetHints":{"allow":["GET"]}}],"collection":[{"href":"https:\/\/empfehlenswert.christian-huebschen.de\/index.php\/wp-json\/wp\/v2\/pages"}],"about":[{"href":"https:\/\/empfehlenswert.christian-huebschen.de\/index.php\/wp-json\/wp\/v2\/types\/page"}],"author":[{"embeddable":true,"href":"https:\/\/empfehlenswert.christian-huebschen.de\/index.php\/wp-json\/wp\/v2\/users\/1"}],"replies":[{"embeddable":true,"href":"https:\/\/empfehlenswert.christian-huebschen.de\/index.php\/wp-json\/wp\/v2\/comments?post=540"}],"version-history":[{"count":12,"href":"https:\/\/empfehlenswert.christian-huebschen.de\/index.php\/wp-json\/wp\/v2\/pages\/540\/revisions"}],"predecessor-version":[{"id":553,"href":"https:\/\/empfehlenswert.christian-huebschen.de\/index.php\/wp-json\/wp\/v2\/pages\/540\/revisions\/553"}],"wp:attachment":[{"href":"https:\/\/empfehlenswert.christian-huebschen.de\/index.php\/wp-json\/wp\/v2\/media?parent=540"}],"curies":[{"name":"wp","href":"https:\/\/api.w.org\/{rel}","templated":true}]}}