{"id":42,"date":"2023-07-19T05:53:58","date_gmt":"2023-07-19T05:53:58","guid":{"rendered":"https:\/\/empfehlenswert.christian-huebschen.de\/?page_id=42"},"modified":"2025-06-16T10:46:46","modified_gmt":"2025-06-16T10:46:46","slug":"impressum","status":"publish","type":"page","link":"https:\/\/empfehlenswert.christian-huebschen.de\/index.php\/impressum\/","title":{"rendered":"Impressum"},"content":{"rendered":"\n<p>Christian H\u00fcbschen<br>Eichelweg 13a<br>61276 Weilrod<br>Telefon: +49 6083 312435<br>Fax: +49 6083 312436<br>E-Mail:&nbsp;<a href=\"mailto:Christian.Huebschen@dvag.de\">Christian.Huebschen@dvag.de<\/a><\/p>\n\n\n\n<p>Im Versicherungsbereich als gebundener Vermittler gem\u00e4\u00df \u00a7 34d Abs. 7 GewO auf Provisionsbasis ausschlie\u00dflich vermittelnd und beratend t\u00e4tig f\u00fcr die Generali Deutschland Lebensversicherung, Generali Deutschland Versicherung, Generali Deutschland Krankenversicherung, Generali Pensionskasse, ADVOCARD Rechtsschutzversicherung. Dar\u00fcber hinaus k\u00f6nnen in Einzelf\u00e4llen geldwerte Vorteile in Form von Sachleistungen anfallen (z.B. Schulungen sowie Einladungen f\u00fcr die Teilnahme an kulturellen und gesellschaftlichen Veranstaltungen, Informationsmaterial, Aufmerksamkeiten)<\/p>\n\n\n\n<p><strong>Schlichtungsstellen:<\/strong><br>Verein Versicherungsombudsmann e.V.<br>Postfach 080632, 10006 Berlin<br>Ombudsmann Private Kranken- und Pflegeversicherung<br>Postfach 060222, 10052 Berlin<br><a href=\"https:\/\/www.versicherungsombudsmann.de\/\">www.versicherungsombudsmann.de<\/a>,&nbsp;<a href=\"https:\/\/www.pkv-ombudsmann.de\/\">www.pkv-ombudsmann.de<\/a><\/p>\n\n\n\n<p><strong>Erlaubnis- und Aufsichtsbeh\u00f6rde gem\u00e4\u00df \u00a7 34c GewO:<\/strong>&nbsp;Landratsamt Hochtaunuskreis, Ludwig-Erhard-Anlage 1-5, 61352 Bad Homburg<\/p>\n\n\n\n<p>Im Investmentbereich als Finanzanlagenvermittler gem\u00e4\u00df \u00a7 34f Abs. 1 Nr. 1 GewO nicht unabh\u00e4ngig vermittelnd t\u00e4tig f\u00fcr: DWS Investment GmbH, DWS Investment S.A., Generali Investments Deutschland, Allianz Global Investors, Allianz Global Investors Luxembourg, SEB Investment, DWS Grundbesitz GmbH.<\/p>\n\n\n\n<p>Die Anlageberatung und Anlagevermittlung zu Investmentfonds erfolgen in deutscher und &#8211; soweit mit dem Verm\u00f6gensberater individuell vereinbart &#8211; in englischer Sprache.&nbsp;Detaillierte Informationen zu diesen Produkten k\u00f6nnen den Fondsunterlagen (z.B. Prospekt und wesentliche Anlegerinformationen) entnommen werden, die kostenlos in deutscher Sprache vom Verm\u00f6gensberater oder auf der Webseite&nbsp;<a href=\"https:\/\/www.dvag-produktinformationen.de\/\">www.dvag-produktinformationen.de<\/a>bereitgestellt werden.&nbsp;Die Kommunikation zwischen Verm\u00f6gensberater und Kunde erfolgt ausschlie\u00dflich pers\u00f6nlich, postalisch, per E-Mail, Telefon, Video und\/oder Fax.<\/p>\n\n\n\n<p>Nach erbrachter Anlageberatung zu Investmentfonds erhalten die Kunden vom Verm\u00f6gensberater eine Erkl\u00e4rung zur Geeignetheit der empfohlenen Produkte und sonstigen Empfehlungen.<\/p>\n\n\n\n<p><strong>Erlaubnis- und Aufsichtsbeh\u00f6rde gem\u00e4\u00df \u00a7 34f GewO:<\/strong>&nbsp;IHK Frankfurt am Main, B\u00f6rsenplatz 4, 60313 Frankfurt<\/p>\n\n\n\n<p>Im Immobiliarverbraucherdarlehensbereich als Immobiliardarlehensvermittler gem\u00e4\u00df \u00a7 34i Abs. 1 GewO vermittelnd t\u00e4tig f\u00fcr: Deutsche Bank AG, Deutsche Bausparkasse Badenia AG, Commerzbank AG, HypoVereinsbank, Santander Consumer Bank AG<\/p>\n\n\n\n<p><strong>Erlaubnis- und Aufsichtsbeh\u00f6rde gem\u00e4\u00df \u00a7 34i GewO:<\/strong>&nbsp;Landratsamt Hochtaunuskreis, Ludwig-Erhard-Anlage 1-5, 61352 Bad Homburg<br><strong>Gemeinsame Registerstelle f\u00fcr \u00a7 34d GewO, \u00a7 34f GewO und \u00a7 34i GewO<\/strong><br>Deutscher Industrie- und Handelskammertag (DIHK) e.V.<br>Breite Stra\u00dfe 29, 10178 Berlin, Telefon 0180 600585-0<br>(20 Cent\/Anruf)<br><a href=\"https:\/\/www.vermittlerregister.info\/\">www.vermittlerregister.info<\/a><\/p>\n\n\n\n<p>Registernummer nach \u00a7 34d GewO: D-LNB5-G0HAI-20<br>Registernummer nach \u00a7 34f GewO: D-F-125-PMWN-65<br>Registernummer nach \u00a7 34i GewO: D-W-125-4R8X-81<\/p>\n\n\n\n<p>Die Verm\u00f6gensberater nehmen keine Kundengelder entgegen. Zahlungen erfolgen direkt von den Kunden an die jeweiligen Produktpartner.<\/p>\n\n\n\n<p><strong>Haftungshinweis:<\/strong>&nbsp;Trotz sorgf\u00e4ltiger inhaltlicher Kontrolle \u00fcbernehmen wir keine Haftung f\u00fcr die Inhalte externer Links. F\u00fcr den Inhalt der verlinkten Seiten sind ausschlie\u00dflich deren Betreiber verantwortlich.<\/p>\n\n\n\n<h3 class=\"wp-block-heading\">Bildrechte:<\/h3>\n\n\n\n<p>Eigene Bilder<\/p>\n\n\n\n<h3 class=\"wp-block-heading\">Konzeption, Gestaltung und Realisierung:<\/h3>\n\n\n\n<p><a href=\"https:\/\/itberatungsleistungen.de\" target=\"_blank\" rel=\"noreferrer noopener\">IT-Beratungsleistungen H\u00fcbschen<\/a><\/p>\n\n\n\n<p><!-- ProvenExpert Bewertungssiegel -->\n<style type=\"text\/css\">@media(max-width:767px){#ProvenExpert_widgetbar_container {display:none !important;}}@media(min-width:768px){html {padding-bottom: 44px; box-sizing: border-box;}}<\/style>\n<div id=\"ProvenExpert_widgetbar_container\"><\/div>\n<script type=\"text\/javascript\" src=\"\/\/www.provenexpert.com\/widget\/bar_christian-huebschen.js?style=white&amp;feedback=1\" async><\/script>\n<!-- ProvenExpert Bewertungssiegel --><\/p>\n","protected":false},"excerpt":{"rendered":"<p>Christian H\u00fcbschenEichelweg 13a61276 WeilrodTelefon: +49 6083 312435Fax: +49 6083 312436E-Mail:&nbsp;Christian.Huebschen@dvag.de Im Versicherungsbereich als gebundener Vermittler gem\u00e4\u00df \u00a7 34d Abs. 7 GewO auf Provisionsbasis ausschlie\u00dflich vermittelnd und beratend t\u00e4tig f\u00fcr die Generali Deutschland Lebensversicherung, Generali Deutschland Versicherung, Generali Deutschland Krankenversicherung, Generali Pensionskasse, ADVOCARD Rechtsschutzversicherung. Dar\u00fcber hinaus k\u00f6nnen in Einzelf\u00e4llen geldwerte Vorteile in Form von Sachleistungen anfallen &hellip; <\/p>\n<p class=\"link-more\"><a href=\"https:\/\/empfehlenswert.christian-huebschen.de\/index.php\/impressum\/\" class=\"more-link\"><span class=\"screen-reader-text\">\u201eImpressum\u201c <\/span>weiterlesen<\/a><\/p>\n","protected":false},"author":1,"featured_media":0,"parent":0,"menu_order":0,"comment_status":"closed","ping_status":"closed","template":"","meta":{"_acf_changed":false,"_monsterinsights_skip_tracking":false,"_monsterinsights_sitenote_active":false,"_monsterinsights_sitenote_note":"","_monsterinsights_sitenote_category":0,"footnotes":""},"class_list":["post-42","page","type-page","status-publish","hentry"],"acf":[],"aioseo_notices":[],"jetpack_sharing_enabled":true,"_links":{"self":[{"href":"https:\/\/empfehlenswert.christian-huebschen.de\/index.php\/wp-json\/wp\/v2\/pages\/42","targetHints":{"allow":["GET"]}}],"collection":[{"href":"https:\/\/empfehlenswert.christian-huebschen.de\/index.php\/wp-json\/wp\/v2\/pages"}],"about":[{"href":"https:\/\/empfehlenswert.christian-huebschen.de\/index.php\/wp-json\/wp\/v2\/types\/page"}],"author":[{"embeddable":true,"href":"https:\/\/empfehlenswert.christian-huebschen.de\/index.php\/wp-json\/wp\/v2\/users\/1"}],"replies":[{"embeddable":true,"href":"https:\/\/empfehlenswert.christian-huebschen.de\/index.php\/wp-json\/wp\/v2\/comments?post=42"}],"version-history":[{"count":6,"href":"https:\/\/empfehlenswert.christian-huebschen.de\/index.php\/wp-json\/wp\/v2\/pages\/42\/revisions"}],"predecessor-version":[{"id":783,"href":"https:\/\/empfehlenswert.christian-huebschen.de\/index.php\/wp-json\/wp\/v2\/pages\/42\/revisions\/783"}],"wp:attachment":[{"href":"https:\/\/empfehlenswert.christian-huebschen.de\/index.php\/wp-json\/wp\/v2\/media?parent=42"}],"curies":[{"name":"wp","href":"https:\/\/api.w.org\/{rel}","templated":true}]}}