{"id":2,"date":"2023-07-13T09:55:25","date_gmt":"2023-07-13T09:55:25","guid":{"rendered":"https:\/\/empfehlenswert.christian-huebschen.de\/?page_id=2"},"modified":"2026-01-27T14:01:24","modified_gmt":"2026-01-27T14:01:24","slug":"sample-page","status":"publish","type":"page","link":"https:\/\/empfehlenswert.christian-huebschen.de\/","title":{"rendered":""},"content":{"rendered":"\n<figure class=\"wp-block-video\"><video controls src=\"https:\/\/empfehlenswert.christian-huebschen.de\/wp-content\/uploads\/2024\/01\/video.mp4\"><\/video><\/figure>\n\n\n\n<p class=\"has-text-align-center\"><a class=\"maxbutton-1 maxbutton maxbutton-kennenlerngesprach-vereinbaren\" target=\"_blank\" rel=\"noopener\" href=\"https:\/\/outlook.office365.com\/owa\/calendar\/ChristianHbschenEmpfehlenswert@dvag02.onmicrosoft.com\/bookings\/\"><span class='mb-text'>Kennenlerngespr\u00e4ch vereinbaren<\/span><\/a><\/p>\n\n\n\n<p><\/p>\n\n\n\n<p class=\"has-text-align-center\">Herzlichen Gl\u00fcckwunsch!<\/p>\n\n\n\n<p class=\"has-text-align-center\">Sie sind der Empfehlung Ihrer Freundin, Ihres Freundes gefolgt, die\/der bereits viele Vorteile mit mir realisieren konnte.<br><br>Mein Name ist Christian H\u00fcbschen, <br>ich bin seit 2009 Finanzberater und lebe mit meiner Familie im sch\u00f6nen Taunus. Ich bin Ansprechpartner f\u00fcr alle die eine Strategie brauchen um finanziell rundum sorglos zu werden.<\/p>\n\n\n\n<p class=\"has-text-align-center\">M\u00f6chten auch sie finanziell rundum sorglos werden, dann kommen Sie zu mir, der kleinsten Nummer am Markt n\u00e4mlich der Nummer 1.<br><br>Buchen Sie gleich hier unten einen kostenlosen <a href=\"https:\/\/outlook.office365.com\/owa\/calendar\/ChristianHbschenEmpfehlenswert@dvag02.onmicrosoft.com\/bookings\/\" target=\"_blank\" rel=\"noopener\" title=\"\">Online-Kennenlerntermin<\/a>.<br>Ich bin nur ein Klick von Ihnen entfernt und freue mich auf unser Gespr\u00e4ch.<\/p>\n\n\n\n<p class=\"has-text-align-center\"><a class=\"maxbutton-1 maxbutton maxbutton-kennenlerngesprach-vereinbaren\" target=\"_blank\" rel=\"noopener\" href=\"https:\/\/outlook.office365.com\/owa\/calendar\/ChristianHbschenEmpfehlenswert@dvag02.onmicrosoft.com\/bookings\/\"><span class='mb-text'>Kennenlerngespr\u00e4ch vereinbaren<\/span><\/a><\/p>\n\n\n\n<p><\/p>\n\n\n\n<hr class=\"wp-block-separator has-alpha-channel-opacity\"\/>\n\n\n\n<p><\/p>\n\n\n\n<blockquote class=\"wp-block-quote is-layout-flow wp-block-quote-is-layout-flow\">\n<ul class=\"wp-block-list has-black-color has-cyan-bluish-gray-background-color has-text-color has-background has-link-color has-small-font-size wp-elements-31da05e9da2aca7c7368781ae5d5ea77\">\n<li class=\"has-medium-font-size\">   Andr\u00e9 Kostolany- sagte\n<ul class=\"wp-block-list\">\n<li class=\"has-medium-font-size\">Manchmal ist es besser, eine Stunde \u00fcber sein Geld nachzudenken, als eine Woche daf\u00fcr zu arbeiten.<\/li>\n<\/ul>\n<\/li>\n<\/ul>\n<\/blockquote>\n\n\n\n<p><\/p>\n\n\n\n<hr class=\"wp-block-separator has-alpha-channel-opacity\"\/>\n\n\n\n<p class=\"has-text-align-center\"><a class=\"maxbutton-3 maxbutton maxbutton-internetseite-teilen\" target=\"_blank\" rel=\"noopener\" href=\"mailto:?subject=Empfehlung von mir!&amp;body=Hallo!%0A%0AIch kenne jemanden, auf den ich mich bei allen Fragen rund um Finanzen 100-prozentig verlassen kann.%0A%0ASchau dir mal seine Seite an: https:\/\/empfehlenswert.christian-huebschen.de%0A%0AIch bin top zufrieden. Das wirst du auch sein!%0A%0AProbiere es mal aus!\"><span class='mb-text'>Internetseite teilen<\/span><\/a><\/p>\n\n\n\n<hr class=\"wp-block-separator has-alpha-channel-opacity\"\/>\n\n\n\n<p class=\"has-medium-font-size\"><a class=\"maxbutton-4 maxbutton maxbutton-aktuelles-auf-facebook\" target=\"_blank\" rel=\"noopener\" href=\"https:\/\/www.facebook.com\/christian.huebschen.finanzberatung\/\"><span class='mb-text'>Aktuelles auf Facebook<\/span><\/a><\/p>\n\n\n\n<div class=\"cff-wrapper\"><div class=\"cff-wrapper-ctn \" ><div id=\"cff\"  class=\"cff cff-list-container  cff-default-styles  cff-mob-cols-1 cff-tab-cols-1\"   style=\"width:100%;\"   data-char=\"400\"  data-nummobile=\"2\" data-pag-num=\"3\"  data-cff-flags=\"gdpr\" ><div class=\"cff-posts-wrap\"><div id=\"cff_125236757557641_1595589825907530\" class=\"cff-item cff-link-item author-christian-h-bschen-verm-gensberater\"  style=\"border-bottom: 1px solid #ddd;\">\n\t\n<div class=\"cff-post-text\" >\n\t<span class=\"cff-text\" data-color=\"\">\n\t\tImmer mehr Menschen haben einen Nebenjob. Doch das zus\u00e4tzliche Einkommen ist nicht der wichtigste Aspekt, sondern etwas anderes. Was genau? Hier mehr lesen \u27a1\ufe0f\u200b <a href=\"https:\/\/www.dvag.de\/christian.huebschen\/wichtig-fuer-sie\/finanzen\/nebenjob-mit-sinn-und-perspektive-gesucht.html\" rel='nofollow noopener noreferrer'>www.dvag.de\/christian.huebschen\/wichtig-fuer-sie\/finanzen\/nebenjob-mit-sinn-und-perspektive-gesuc...<\/a> \u200b <a href=\"https:\/\/facebook.com\/581153648562665\">#DVAG<\/a> <a href=\"https:\/\/facebook.com\/162205987268431\">#Karriere<\/a> <a href=\"https:\/\/facebook.com\/364809803625390\">#Nebenjob<\/a><img class=\"cff-linebreak\" \/><img class=\"cff-linebreak\" \/><a href=\"https:\/\/facebook.com\/573540806046334\">#weilrod<\/a>\t\t\t<\/span>\n\t<span class=\"cff-expand\">... <a href=\"#\" style=\"color: #\"><span class=\"cff-more\">Mehr sehen<\/span><span class=\"cff-less\">Weniger sehen<\/span><\/a><\/span>\n\n<\/div>\n\n\n<div class=\"cff-shared-link \" >\n\t<div class=\"cff-text-link cff-no-image\">\n\t\t\t\t\t<p class=\"cff-link-title\" >\n\t\t\t\t<a href=\"https:\/\/www.dvag.de\/christian.huebschen\/wichtig-fuer-sie\/finanzen\/nebenjob-mit-sinn-und-perspektive-gesucht.html\" target=\"_blank\"  rel=\"nofollow noopener noreferrer\" style=\"color:#;\">Nebenjob mit Sinn und Perspektive gesucht?<\/a>\n\t\t\t<\/p>\n\t\t\n\t\t\t\t\t<p class=\"cff-link-caption\"  style=\"font-size:12px;\" >www.dvag.de<\/p>\n\t\t\n\t\t\t\t\t<span class=\"cff-post-desc\" >Immer mehr Menschen haben einen Nebenjob. Das zus\u00e4tzliche Einkommen ist dabei zwar ein wichtiger Aspekt, immer h\u00e4ufiger steht aber etwas anderes im Vordergrund.<\/span>\n\t\t\t\t\n\t<\/div>\n<\/div>\n\n\t<div class=\"cff-post-links\">\n\t\t\t\t\t<a class=\"cff-viewpost-facebook\" href=\"https:\/\/www.facebook.com\/125236757557641_1595589825907530\" title=\"Auf Facebook anzeigen\" target=\"_blank\" rel=\"nofollow noopener\" >Auf Facebook anzeigen<\/a>\n\t\t\t\t\t\t\t<div class=\"cff-share-container\">\n\t\t\t\t\t\t\t\t\t<span class=\"cff-dot\" >&middot;<\/span>\n\t\t\t\t\t\t\t\t<a class=\"cff-share-link\" href=\"https:\/\/www.facebook.com\/sharer\/sharer.php?u=https%3A%2F%2Fwww.facebook.com%2F125236757557641_1595589825907530\" title=\"Teilen\" >Teilen<\/a>\n\t\t\t\t<p class=\"cff-share-tooltip\">\n\t\t\t\t\t\t\t\t\t\t\t<a href=\"https:\/\/www.facebook.com\/sharer\/sharer.php?u=https%3A%2F%2Fwww.facebook.com%2F125236757557641_1595589825907530\" target=\"_blank\" rel=\"noopener noreferrer\" class=\"cff-facebook-icon\">\n\t\t\t\t\t\t\t<span class=\"fa fab fa-facebook-square\" aria-hidden=\"true\"><\/span>\n\t\t\t\t\t\t\t<span class=\"cff-screenreader\">Auf Facebook teilen<\/span>\n\t\t\t\t\t\t<\/a>\n\t\t\t\t\t\t\t\t\t\t\t<a href=\"https:\/\/twitter.com\/intent\/tweet?text=https%3A%2F%2Fwww.facebook.com%2F125236757557641_1595589825907530\" target=\"_blank\" rel=\"noopener noreferrer\" class=\"cff-twitter-icon\">\n\t\t\t\t\t\t\t<span class=\"fa fab fa-twitter\" aria-hidden=\"true\"><\/span>\n\t\t\t\t\t\t\t<span class=\"cff-screenreader\">Auf Twitter teilen<\/span>\n\t\t\t\t\t\t<\/a>\n\t\t\t\t\t\t\t\t\t\t\t<a href=\"https:\/\/www.linkedin.com\/shareArticle?mini=true&#038;url=https%3A%2F%2Fwww.facebook.com%2F125236757557641_1595589825907530&#038;title=%09%09%09Immer%20mehr%20Menschen%20haben%20einen%20Nebenjob.%20Doch%20das%20zus%C3%A4tzliche%20Einkommen%20ist%20nicht%20der%20wichtigste%20Aspekt%2C%20sondern%20etwas%20anderes.%20Was%20genau%3F%20Hier%20mehr%20lesen%20%E2%9E%A1%EF%B8%8F%E2%80%8B%20www.dvag.de%2Fchristian.huebschen%2Fwichtig-fuer-sie%2Ffinanzen%2Fnebenjob-mit-sinn-und-perspektive-gesuc...%20%E2%80%8B%20%23DVAG%20%23Karriere%20%23Nebenjob%23weilrod%09%09%09%09\" target=\"_blank\" rel=\"noopener noreferrer\" class=\"cff-linkedin-icon\">\n\t\t\t\t\t\t\t<span class=\"fa fab fa-linkedin\" aria-hidden=\"true\"><\/span>\n\t\t\t\t\t\t\t<span class=\"cff-screenreader\">Auf LinkedIn teilen<\/span>\n\t\t\t\t\t\t<\/a>\n\t\t\t\t\t\t\t\t\t\t\t<a href=\"mailto:?subject=Facebook&#038;body=https%3A%2F%2Fwww.facebook.com%2F125236757557641_1595589825907530%20-%20%0A%0A%09%0A%09%09Immer%20mehr%20Menschen%20haben%20einen%20Nebenjob.%20Doch%20das%20zus%C3%A4tzliche%20Einkommen%20ist%20nicht%20der%20wichtigste%20Aspekt%2C%20sondern%20etwas%20anderes.%20Was%20genau%3F%20Hier%20mehr%20lesen%20%E2%9E%A1%EF%B8%8F%E2%80%8B%20www.dvag.de%2Fchristian.huebschen%2Fwichtig-fuer-sie%2Ffinanzen%2Fnebenjob-mit-sinn-und-perspektive-gesuc...%20%E2%80%8B%20%23DVAG%20%23Karriere%20%23Nebenjob%23weilrod%09%09%09%0A%09\" target=\"_blank\" rel=\"noopener noreferrer\" class=\"cff-email-icon\">\n\t\t\t\t\t\t\t<span class=\"fa fab fa-envelope\" aria-hidden=\"true\"><\/span>\n\t\t\t\t\t\t\t<span class=\"cff-screenreader\">Per E-Mail teilen<\/span>\n\t\t\t\t\t\t<\/a>\n\t\t\t\t\t\t\t\t\t<\/p>\n\t\t\t<\/div>\n\t\t\t<\/div>\n\t<\/div>\n\n\n\n<div id=\"cff_125236757557641_1589112549888591\" class=\"cff-item cff-link-item author-christian-h-bschen-verm-gensberater\"  style=\"border-bottom: 1px solid #ddd;\">\n\t\n<div class=\"cff-post-text\" >\n\t<span class=\"cff-text\" data-color=\"\">\n\t\tDas Heizungsgesetz soll ge\u00e4ndert werden. Geplant ist, dass bisherige Geb\u00e4udeenergiegesetz (GEG) durch das neue Geb\u00e4udemodernisierungsgesetz (GM) zum 1. Juli 2026 abzul\u00f6sen. Doch welche \u00c4nderungen sind geplant und wie wirken sich diese auf die Verbraucher aus? Hier mehr \u27a1\ufe0f\u200b <a href=\"https:\/\/www.dvag.de\/christian.huebschen\/wichtig-fuer-sie\/finanzen\/heizungsgesetz-2026-das-soll-sich-in-zukunft-aendern.html\" rel='nofollow noopener noreferrer'>www.dvag.de\/christian.huebschen\/wichtig-fuer-sie\/finanzen\/heizungsgesetz-2026-das-soll-sich-in-zu...<\/a> \u200b <a href=\"https:\/\/facebook.com\/581153648562665\">#DVAG<\/a> <a href=\"https:\/\/facebook.com\/144387735727897\">#energie<\/a> <a href=\"https:\/\/facebook.com\/5616038165168972\">#Heizungsgesetz<\/a><img class=\"cff-linebreak\" \/><img class=\"cff-linebreak\" \/><a href=\"https:\/\/facebook.com\/573540806046334\">#weilrod<\/a>\t\t\t<\/span>\n\t<span class=\"cff-expand\">... <a href=\"#\" style=\"color: #\"><span class=\"cff-more\">Mehr sehen<\/span><span class=\"cff-less\">Weniger sehen<\/span><\/a><\/span>\n\n<\/div>\n\n\n<div class=\"cff-shared-link \" >\n\t<div class=\"cff-text-link cff-no-image\">\n\t\t\t\t\t<p class=\"cff-link-title\" >\n\t\t\t\t<a href=\"https:\/\/www.dvag.de\/christian.huebschen\/wichtig-fuer-sie\/finanzen\/heizungsgesetz-2026-das-soll-sich-in-zukunft-aendern.html\" target=\"_blank\"  rel=\"nofollow noopener noreferrer\" style=\"color:#;\">Heizungsgesetz 2026: Das soll sich in Zukunft \u00e4ndern<\/a>\n\t\t\t<\/p>\n\t\t\n\t\t\t\t\t<p class=\"cff-link-caption\"  style=\"font-size:12px;\" >www.dvag.de<\/p>\n\t\t\n\t\t\t\t\t<span class=\"cff-post-desc\" >Zum 1. Juli 2026 soll aus dem Geb\u00e4udeenergiegesetz das Geb\u00e4udemodernisierungsgesetz werden. Welche \u00c4nderungen geplant sind und welche F\u00f6rderungen es geben soll, steht hier.<\/span>\n\t\t\t\t\n\t<\/div>\n<\/div>\n\n\t<div class=\"cff-post-links\">\n\t\t\t\t\t<a class=\"cff-viewpost-facebook\" href=\"https:\/\/www.facebook.com\/125236757557641_1589112549888591\" title=\"Auf Facebook anzeigen\" target=\"_blank\" rel=\"nofollow noopener\" >Auf Facebook anzeigen<\/a>\n\t\t\t\t\t\t\t<div class=\"cff-share-container\">\n\t\t\t\t\t\t\t\t\t<span class=\"cff-dot\" >&middot;<\/span>\n\t\t\t\t\t\t\t\t<a class=\"cff-share-link\" href=\"https:\/\/www.facebook.com\/sharer\/sharer.php?u=https%3A%2F%2Fwww.facebook.com%2F125236757557641_1589112549888591\" title=\"Teilen\" >Teilen<\/a>\n\t\t\t\t<p class=\"cff-share-tooltip\">\n\t\t\t\t\t\t\t\t\t\t\t<a href=\"https:\/\/www.facebook.com\/sharer\/sharer.php?u=https%3A%2F%2Fwww.facebook.com%2F125236757557641_1589112549888591\" target=\"_blank\" rel=\"noopener noreferrer\" class=\"cff-facebook-icon\">\n\t\t\t\t\t\t\t<span class=\"fa fab fa-facebook-square\" aria-hidden=\"true\"><\/span>\n\t\t\t\t\t\t\t<span class=\"cff-screenreader\">Auf Facebook teilen<\/span>\n\t\t\t\t\t\t<\/a>\n\t\t\t\t\t\t\t\t\t\t\t<a href=\"https:\/\/twitter.com\/intent\/tweet?text=https%3A%2F%2Fwww.facebook.com%2F125236757557641_1589112549888591\" target=\"_blank\" rel=\"noopener noreferrer\" class=\"cff-twitter-icon\">\n\t\t\t\t\t\t\t<span class=\"fa fab fa-twitter\" aria-hidden=\"true\"><\/span>\n\t\t\t\t\t\t\t<span class=\"cff-screenreader\">Auf Twitter teilen<\/span>\n\t\t\t\t\t\t<\/a>\n\t\t\t\t\t\t\t\t\t\t\t<a href=\"https:\/\/www.linkedin.com\/shareArticle?mini=true&#038;url=https%3A%2F%2Fwww.facebook.com%2F125236757557641_1589112549888591&#038;title=%09%09%09Das%20Heizungsgesetz%20soll%20ge%C3%A4ndert%20werden.%20Geplant%20ist%2C%20dass%20bisherige%20Geb%C3%A4udeenergiegesetz%20%28GEG%29%20durch%20das%20neue%20Geb%C3%A4udemodernisierungsgesetz%20%28GM%29%20zum%201.%20Juli%202026%20abzul%C3%B6sen.%20Doch%20welche%20%C3%84nderungen%20sind%20geplant%20und%20wie%20wirken%20sich%20diese%20auf%20die%20Verbraucher%20aus%3F%20Hier%20mehr%20%E2%9E%A1%EF%B8%8F%E2%80%8B%20www.dvag.de%2Fchristian.huebschen%2Fwichtig-fuer-sie%2Ffinanzen%2Fheizungsgesetz-2026-das-soll-sich-in-zu...%20%E2%80%8B%20%23DVAG%20%23energie%20%23Heizungsgesetz%23weilrod%09%09%09%09\" target=\"_blank\" rel=\"noopener noreferrer\" class=\"cff-linkedin-icon\">\n\t\t\t\t\t\t\t<span class=\"fa fab fa-linkedin\" aria-hidden=\"true\"><\/span>\n\t\t\t\t\t\t\t<span class=\"cff-screenreader\">Auf LinkedIn teilen<\/span>\n\t\t\t\t\t\t<\/a>\n\t\t\t\t\t\t\t\t\t\t\t<a href=\"mailto:?subject=Facebook&#038;body=https%3A%2F%2Fwww.facebook.com%2F125236757557641_1589112549888591%20-%20%0A%0A%09%0A%09%09Das%20Heizungsgesetz%20soll%20ge%C3%A4ndert%20werden.%20Geplant%20ist%2C%20dass%20bisherige%20Geb%C3%A4udeenergiegesetz%20%28GEG%29%20durch%20das%20neue%20Geb%C3%A4udemodernisierungsgesetz%20%28GM%29%20zum%201.%20Juli%202026%20abzul%C3%B6sen.%20Doch%20welche%20%C3%84nderungen%20sind%20geplant%20und%20wie%20wirken%20sich%20diese%20auf%20die%20Verbraucher%20aus%3F%20Hier%20mehr%20%E2%9E%A1%EF%B8%8F%E2%80%8B%20www.dvag.de%2Fchristian.huebschen%2Fwichtig-fuer-sie%2Ffinanzen%2Fheizungsgesetz-2026-das-soll-sich-in-zu...%20%E2%80%8B%20%23DVAG%20%23energie%20%23Heizungsgesetz%23weilrod%09%09%09%0A%09\" target=\"_blank\" rel=\"noopener noreferrer\" class=\"cff-email-icon\">\n\t\t\t\t\t\t\t<span class=\"fa fab fa-envelope\" aria-hidden=\"true\"><\/span>\n\t\t\t\t\t\t\t<span class=\"cff-screenreader\">Per E-Mail teilen<\/span>\n\t\t\t\t\t\t<\/a>\n\t\t\t\t\t\t\t\t\t<\/p>\n\t\t\t<\/div>\n\t\t\t<\/div>\n\t<\/div>\n\n\n\n<div id=\"cff_125236757557641_1583807123752467\" class=\"cff-item cff-link-item author-christian-h-bschen-verm-gensberater\"  style=\"border-bottom: 1px solid #ddd;\">\n\t\n<div class=\"cff-post-text\" >\n\t<span class=\"cff-text\" data-color=\"\">\n\t\tEine Herausforderung auf dem Weg zur eigenen Immobilie ist der Eigenkapitalbedarf. Unser Tipp: Schon fr\u00fchzeitig mit dem Sparen beginnen. Eine Option daf\u00fcr ist Bausparen. Doch was sind die Vorteile? Hier mehr lesen \u27a1\ufe0f\u200b <a href=\"https:\/\/www.dvag.de\/christian.huebschen\/wichtig-fuer-sie\/finanzen\/eigenkapital-aufbauen-bausparen-als-loesung.html\" rel='nofollow noopener noreferrer'>www.dvag.de\/christian.huebschen\/wichtig-fuer-sie\/finanzen\/eigenkapital-aufbauen-bausparen-als-loe...<\/a> \u200b <a href=\"https:\/\/facebook.com\/581153648562665\">#DVAG<\/a> <a href=\"https:\/\/facebook.com\/247075985437487\">#finanzierung<\/a> <a href=\"https:\/\/facebook.com\/641341142545986\">#bausparen<\/a><img class=\"cff-linebreak\" \/><img class=\"cff-linebreak\" \/><a href=\"https:\/\/facebook.com\/573540806046334\">#weilrod<\/a>\t\t\t<\/span>\n\t<span class=\"cff-expand\">... <a href=\"#\" style=\"color: #\"><span class=\"cff-more\">Mehr sehen<\/span><span class=\"cff-less\">Weniger sehen<\/span><\/a><\/span>\n\n<\/div>\n\n\n<div class=\"cff-shared-link \" >\n\t<div class=\"cff-text-link cff-no-image\">\n\t\t\t\t\t<p class=\"cff-link-title\" >\n\t\t\t\t<a href=\"https:\/\/www.dvag.de\/christian.huebschen\/wichtig-fuer-sie\/finanzen\/eigenkapital-aufbauen-bausparen-als-loesung.html\" target=\"_blank\"  rel=\"nofollow noopener noreferrer\" style=\"color:#;\">Eigenkapital aufbauen: Bausparen als L\u00f6sung<\/a>\n\t\t\t<\/p>\n\t\t\n\t\t\t\t\t<p class=\"cff-link-caption\"  style=\"font-size:12px;\" >www.dvag.de<\/p>\n\t\t\n\t\t\t\t\t<span class=\"cff-post-desc\" >Wie den Traum von der eigenen Immobilie erf\u00fcllen? Eine Option: Bausparen. Denn damit kann fr\u00fchzeitig der Grundstein f\u00fcr das notwendige Eigenkapital gelegt werden.<\/span>\n\t\t\t\t\n\t<\/div>\n<\/div>\n\n\t<div class=\"cff-post-links\">\n\t\t\t\t\t<a class=\"cff-viewpost-facebook\" href=\"https:\/\/www.facebook.com\/125236757557641_1583807123752467\" title=\"Auf Facebook anzeigen\" target=\"_blank\" rel=\"nofollow noopener\" >Auf Facebook anzeigen<\/a>\n\t\t\t\t\t\t\t<div class=\"cff-share-container\">\n\t\t\t\t\t\t\t\t\t<span class=\"cff-dot\" >&middot;<\/span>\n\t\t\t\t\t\t\t\t<a class=\"cff-share-link\" href=\"https:\/\/www.facebook.com\/sharer\/sharer.php?u=https%3A%2F%2Fwww.facebook.com%2F125236757557641_1583807123752467\" title=\"Teilen\" >Teilen<\/a>\n\t\t\t\t<p class=\"cff-share-tooltip\">\n\t\t\t\t\t\t\t\t\t\t\t<a href=\"https:\/\/www.facebook.com\/sharer\/sharer.php?u=https%3A%2F%2Fwww.facebook.com%2F125236757557641_1583807123752467\" target=\"_blank\" rel=\"noopener noreferrer\" class=\"cff-facebook-icon\">\n\t\t\t\t\t\t\t<span class=\"fa fab fa-facebook-square\" aria-hidden=\"true\"><\/span>\n\t\t\t\t\t\t\t<span class=\"cff-screenreader\">Auf Facebook teilen<\/span>\n\t\t\t\t\t\t<\/a>\n\t\t\t\t\t\t\t\t\t\t\t<a href=\"https:\/\/twitter.com\/intent\/tweet?text=https%3A%2F%2Fwww.facebook.com%2F125236757557641_1583807123752467\" target=\"_blank\" rel=\"noopener noreferrer\" class=\"cff-twitter-icon\">\n\t\t\t\t\t\t\t<span class=\"fa fab fa-twitter\" aria-hidden=\"true\"><\/span>\n\t\t\t\t\t\t\t<span class=\"cff-screenreader\">Auf Twitter teilen<\/span>\n\t\t\t\t\t\t<\/a>\n\t\t\t\t\t\t\t\t\t\t\t<a href=\"https:\/\/www.linkedin.com\/shareArticle?mini=true&#038;url=https%3A%2F%2Fwww.facebook.com%2F125236757557641_1583807123752467&#038;title=%09%09%09Eine%20Herausforderung%20auf%20dem%20Weg%20zur%20eigenen%20Immobilie%20ist%20der%20Eigenkapitalbedarf.%20Unser%20Tipp%3A%20Schon%20fr%C3%BChzeitig%20mit%20dem%20Sparen%20beginnen.%20Eine%20Option%20daf%C3%BCr%20ist%20Bausparen.%20Doch%20was%20sind%20die%20Vorteile%3F%20Hier%20mehr%20lesen%20%E2%9E%A1%EF%B8%8F%E2%80%8B%20www.dvag.de%2Fchristian.huebschen%2Fwichtig-fuer-sie%2Ffinanzen%2Feigenkapital-aufbauen-bausparen-als-loe...%20%E2%80%8B%20%23DVAG%20%23finanzierung%20%23bausparen%23weilrod%09%09%09%09\" target=\"_blank\" rel=\"noopener noreferrer\" class=\"cff-linkedin-icon\">\n\t\t\t\t\t\t\t<span class=\"fa fab fa-linkedin\" aria-hidden=\"true\"><\/span>\n\t\t\t\t\t\t\t<span class=\"cff-screenreader\">Auf LinkedIn teilen<\/span>\n\t\t\t\t\t\t<\/a>\n\t\t\t\t\t\t\t\t\t\t\t<a href=\"mailto:?subject=Facebook&#038;body=https%3A%2F%2Fwww.facebook.com%2F125236757557641_1583807123752467%20-%20%0A%0A%09%0A%09%09Eine%20Herausforderung%20auf%20dem%20Weg%20zur%20eigenen%20Immobilie%20ist%20der%20Eigenkapitalbedarf.%20Unser%20Tipp%3A%20Schon%20fr%C3%BChzeitig%20mit%20dem%20Sparen%20beginnen.%20Eine%20Option%20daf%C3%BCr%20ist%20Bausparen.%20Doch%20was%20sind%20die%20Vorteile%3F%20Hier%20mehr%20lesen%20%E2%9E%A1%EF%B8%8F%E2%80%8B%20www.dvag.de%2Fchristian.huebschen%2Fwichtig-fuer-sie%2Ffinanzen%2Feigenkapital-aufbauen-bausparen-als-loe...%20%E2%80%8B%20%23DVAG%20%23finanzierung%20%23bausparen%23weilrod%09%09%09%0A%09\" target=\"_blank\" rel=\"noopener noreferrer\" class=\"cff-email-icon\">\n\t\t\t\t\t\t\t<span class=\"fa fab fa-envelope\" aria-hidden=\"true\"><\/span>\n\t\t\t\t\t\t\t<span class=\"cff-screenreader\">Per E-Mail teilen<\/span>\n\t\t\t\t\t\t<\/a>\n\t\t\t\t\t\t\t\t\t<\/p>\n\t\t\t<\/div>\n\t\t\t<\/div>\n\t<\/div>\n\n\n\n<\/div><input class=\"cff-pag-url\" type=\"hidden\" data-locatornonce=\"14a679080a\" data-cff-shortcode=\"{&quot;feed&quot;: &quot;1&quot;}\" data-post-id=\"2\" data-feed-id=\"125236757557641\"><\/div><\/div><div class=\"cff-clear\"><\/div><\/div>\n\n\n\n<p><!-- ProvenExpert Bewertungssiegel -->\n<style type=\"text\/css\">@media(max-width:767px){#ProvenExpert_widgetbar_container {display:none !important;}}@media(min-width:768px){html {padding-bottom: 44px; box-sizing: border-box;}}<\/style>\n<div id=\"ProvenExpert_widgetbar_container\"><\/div>\n<script type=\"text\/javascript\" src=\"\/\/www.provenexpert.com\/widget\/bar_christian-huebschen.js?style=white&amp;feedback=1\" async><\/script>\n<!-- ProvenExpert Bewertungssiegel --><\/p>\n","protected":false},"excerpt":{"rendered":"<p>Herzlichen Gl\u00fcckwunsch! Sie sind der Empfehlung Ihrer Freundin, Ihres Freundes gefolgt, die\/der bereits viele Vorteile mit mir realisieren konnte. Mein Name ist Christian H\u00fcbschen, ich bin seit 2009 Finanzberater und lebe mit meiner Familie im sch\u00f6nen Taunus. Ich bin Ansprechpartner f\u00fcr alle die eine Strategie brauchen um finanziell rundum sorglos zu werden. M\u00f6chten auch sie &hellip; <\/p>\n<p class=\"link-more\"><a href=\"https:\/\/empfehlenswert.christian-huebschen.de\/\" class=\"more-link\"><span class=\"screen-reader-text\">\u201e\u201c <\/span>weiterlesen<\/a><\/p>\n","protected":false},"author":1,"featured_media":0,"parent":0,"menu_order":0,"comment_status":"closed","ping_status":"closed","template":"","meta":{"_acf_changed":false,"_monsterinsights_skip_tracking":false,"_monsterinsights_sitenote_active":false,"_monsterinsights_sitenote_note":"","_monsterinsights_sitenote_category":0,"footnotes":""},"class_list":["post-2","page","type-page","status-publish","hentry"],"acf":[],"aioseo_notices":[],"jetpack_sharing_enabled":true,"_links":{"self":[{"href":"https:\/\/empfehlenswert.christian-huebschen.de\/index.php\/wp-json\/wp\/v2\/pages\/2","targetHints":{"allow":["GET"]}}],"collection":[{"href":"https:\/\/empfehlenswert.christian-huebschen.de\/index.php\/wp-json\/wp\/v2\/pages"}],"about":[{"href":"https:\/\/empfehlenswert.christian-huebschen.de\/index.php\/wp-json\/wp\/v2\/types\/page"}],"author":[{"embeddable":true,"href":"https:\/\/empfehlenswert.christian-huebschen.de\/index.php\/wp-json\/wp\/v2\/users\/1"}],"replies":[{"embeddable":true,"href":"https:\/\/empfehlenswert.christian-huebschen.de\/index.php\/wp-json\/wp\/v2\/comments?post=2"}],"version-history":[{"count":205,"href":"https:\/\/empfehlenswert.christian-huebschen.de\/index.php\/wp-json\/wp\/v2\/pages\/2\/revisions"}],"predecessor-version":[{"id":938,"href":"https:\/\/empfehlenswert.christian-huebschen.de\/index.php\/wp-json\/wp\/v2\/pages\/2\/revisions\/938"}],"wp:attachment":[{"href":"https:\/\/empfehlenswert.christian-huebschen.de\/index.php\/wp-json\/wp\/v2\/media?parent=2"}],"curies":[{"name":"wp","href":"https:\/\/api.w.org\/{rel}","templated":true}]}}